{"id":464,"date":"2018-07-11T12:49:58","date_gmt":"2018-07-11T12:49:58","guid":{"rendered":"http:\/\/ruchetoulousaine.fr\/laruche\/cookie-policy\/"},"modified":"2019-09-18T16:13:53","modified_gmt":"2019-09-18T16:13:53","slug":"cookie-policy","status":"publish","type":"page","link":"https:\/\/ruchetoulousaine.fr\/laruche\/cookie-policy\/","title":{"rendered":"Cookie Policy"},"content":{"rendered":"<p>Ce site utilise des cookies &#8211; de petits fichiers texte plac\u00e9s sur votre ordinateur pour aider le site \u00e0 offrir une meilleure exp\u00e9rience utilisateur. En r\u00e8gle g\u00e9n\u00e9rale, les cookies servent \u00e0 conserver les pr\u00e9f\u00e9rences de l&rsquo;utilisateur, \u00e0 stocker des informations pour des objets tels que les paniers d&rsquo;achat et \u00e0 fournir des donn\u00e9es de suivi anonymis\u00e9es \u00e0 des applications tierces telles que Google Analytics. En r\u00e8gle g\u00e9n\u00e9rale, les cookies am\u00e9liorent votre exp\u00e9rience de navigation. Cependant, vous pr\u00e9f\u00e9rerez peut-\u00eatre d\u00e9sactiver les cookies sur ce site et sur d&rsquo;autres. Pour ce faire, le moyen le plus efficace consiste \u00e0 d\u00e9sactiver les cookies dans votre navigateur. Nous vous sugg\u00e9rons de consulter la section Aide de votre navigateur ou de consulter le site Web \u00c0 propos des cookies qui propose des conseils \u00e0 tous les navigateurs modernes.<\/p>\n<p>This site uses cookies &#8211; small text files that are placed on your machine to help the site provide a better user experience. In general, cookies are used to retain user preferences, store information for things like shopping carts, and provide anonymised tracking data to third party applications like Google Analytics. As a rule, cookies will make your browsing experience better. However, you may prefer to disable cookies on this site and on others. The most effective way to do this is to disable cookies in your browser. We suggest consulting the Help section of your browser or taking a look at <a href=\"http:\/\/www.aboutcookies.org\">the About Cookies website<\/a> which offers guidance for all modern browsers<\/p>\n","protected":false},"excerpt":{"rendered":"<p>Ce site utilise des cookies &#8211; de petits fichiers texte plac\u00e9s sur votre ordinateur pour aider le site \u00e0 offrir une meilleure exp\u00e9rience utilisateur. En r\u00e8gle g\u00e9n\u00e9rale, les cookies servent \u00e0 conserver les pr\u00e9f\u00e9rences de l&rsquo;utilisateur, \u00e0 stocker des informations pour des objets tels que les paniers d&rsquo;achat et \u00e0 &#8230;<\/p>\n","protected":false},"author":1,"featured_media":0,"parent":0,"menu_order":0,"comment_status":"closed","ping_status":"closed","template":"","meta":{"footnotes":""},"class_list":["post-464","page","type-page","status-publish","hentry","column","threecol"],"yoast_head":"<!-- This site is optimized with the Yoast SEO plugin v26.0 - https:\/\/yoast.com\/wordpress\/plugins\/seo\/ -->\n<title>Cookie Policy -<\/title>\n<meta name=\"robots\" content=\"index, follow, max-snippet:-1, max-image-preview:large, max-video-preview:-1\" \/>\n<link rel=\"canonical\" href=\"https:\/\/ruchetoulousaine.fr\/laruche\/cookie-policy\/\" \/>\n<meta property=\"og:locale\" content=\"fr_FR\" \/>\n<meta property=\"og:type\" content=\"article\" \/>\n<meta property=\"og:title\" content=\"Cookie Policy -\" \/>\n<meta property=\"og:description\" content=\"Ce site utilise des cookies &#8211; de petits fichiers texte plac\u00e9s sur votre ordinateur pour aider le site \u00e0 offrir une meilleure &#8230;\" \/>\n<meta property=\"og:url\" content=\"https:\/\/ruchetoulousaine.fr\/laruche\/cookie-policy\/\" \/>\n<meta property=\"article:publisher\" content=\"https:\/\/www.facebook.com\/laruchetoulousaine\" \/>\n<meta property=\"article:modified_time\" content=\"2019-09-18T16:13:53+00:00\" \/>\n<meta property=\"og:image\" content=\"http:\/\/ruchetoulousaine.fr\/laruche\/wp-content\/uploads\/2015\/03\/1680-7204.jpg\" \/>\n<meta name=\"twitter:card\" content=\"summary_large_image\" \/>\n<meta name=\"twitter:label1\" content=\"Dur\u00e9e de lecture estim\u00e9e\" \/>\n\t<meta name=\"twitter:data1\" content=\"1 minute\" \/>\n<!-- \/ Yoast SEO plugin. -->","yoast_head_json":{"title":"Cookie Policy -","robots":{"index":"index","follow":"follow","max-snippet":"max-snippet:-1","max-image-preview":"max-image-preview:large","max-video-preview":"max-video-preview:-1"},"canonical":"https:\/\/ruchetoulousaine.fr\/laruche\/cookie-policy\/","og_locale":"fr_FR","og_type":"article","og_title":"Cookie Policy -","og_description":"Ce site utilise des cookies &#8211; de petits fichiers texte plac\u00e9s sur votre ordinateur pour aider le site \u00e0 offrir une meilleure &#8230;","og_url":"https:\/\/ruchetoulousaine.fr\/laruche\/cookie-policy\/","article_publisher":"https:\/\/www.facebook.com\/laruchetoulousaine","article_modified_time":"2019-09-18T16:13:53+00:00","og_image":[{"url":"http:\/\/ruchetoulousaine.fr\/laruche\/wp-content\/uploads\/2015\/03\/1680-7204.jpg","type":"","width":"","height":""}],"twitter_card":"summary_large_image","twitter_misc":{"Dur\u00e9e de lecture estim\u00e9e":"1 minute"},"schema":{"@context":"https:\/\/schema.org","@graph":[{"@type":"WebPage","@id":"https:\/\/ruchetoulousaine.fr\/laruche\/cookie-policy\/","url":"https:\/\/ruchetoulousaine.fr\/laruche\/cookie-policy\/","name":"Cookie Policy -","isPartOf":{"@id":"https:\/\/ruchetoulousaine.fr\/laruche\/#website"},"datePublished":"2018-07-11T12:49:58+00:00","dateModified":"2019-09-18T16:13:53+00:00","breadcrumb":{"@id":"https:\/\/ruchetoulousaine.fr\/laruche\/cookie-policy\/#breadcrumb"},"inLanguage":"fr-FR","potentialAction":[{"@type":"ReadAction","target":["https:\/\/ruchetoulousaine.fr\/laruche\/cookie-policy\/"]}]},{"@type":"BreadcrumbList","@id":"https:\/\/ruchetoulousaine.fr\/laruche\/cookie-policy\/#breadcrumb","itemListElement":[{"@type":"ListItem","position":1,"name":"Accueil","item":"https:\/\/ruchetoulousaine.fr\/laruche\/"},{"@type":"ListItem","position":2,"name":"Cookie Policy"}]},{"@type":"WebSite","@id":"https:\/\/ruchetoulousaine.fr\/laruche\/#website","url":"https:\/\/ruchetoulousaine.fr\/laruche\/","name":"https:\/\/ruchetoulousaine.fr\/","description":"","publisher":{"@id":"https:\/\/ruchetoulousaine.fr\/laruche\/#organization"},"potentialAction":[{"@type":"SearchAction","target":{"@type":"EntryPoint","urlTemplate":"https:\/\/ruchetoulousaine.fr\/laruche\/?s={search_term_string}"},"query-input":{"@type":"PropertyValueSpecification","valueRequired":true,"valueName":"search_term_string"}}],"inLanguage":"fr-FR"},{"@type":"Organization","@id":"https:\/\/ruchetoulousaine.fr\/laruche\/#organization","name":"La Ruche Toulousaine","url":"https:\/\/ruchetoulousaine.fr\/laruche\/","logo":{"@type":"ImageObject","inLanguage":"fr-FR","@id":"https:\/\/ruchetoulousaine.fr\/laruche\/#\/schema\/logo\/image\/","url":"https:\/\/ruchetoulousaine.fr\/laruche\/wp-content\/uploads\/2015\/02\/laruche_logo.jpg","contentUrl":"https:\/\/ruchetoulousaine.fr\/laruche\/wp-content\/uploads\/2015\/02\/laruche_logo.jpg","width":425,"height":157,"caption":"La Ruche Toulousaine"},"image":{"@id":"https:\/\/ruchetoulousaine.fr\/laruche\/#\/schema\/logo\/image\/"},"sameAs":["https:\/\/www.facebook.com\/laruchetoulousaine"]}]}},"_links":{"self":[{"href":"https:\/\/ruchetoulousaine.fr\/laruche\/wp-json\/wp\/v2\/pages\/464","targetHints":{"allow":["GET"]}}],"collection":[{"href":"https:\/\/ruchetoulousaine.fr\/laruche\/wp-json\/wp\/v2\/pages"}],"about":[{"href":"https:\/\/ruchetoulousaine.fr\/laruche\/wp-json\/wp\/v2\/types\/page"}],"author":[{"embeddable":true,"href":"https:\/\/ruchetoulousaine.fr\/laruche\/wp-json\/wp\/v2\/users\/1"}],"replies":[{"embeddable":true,"href":"https:\/\/ruchetoulousaine.fr\/laruche\/wp-json\/wp\/v2\/comments?post=464"}],"version-history":[{"count":3,"href":"https:\/\/ruchetoulousaine.fr\/laruche\/wp-json\/wp\/v2\/pages\/464\/revisions"}],"predecessor-version":[{"id":647,"href":"https:\/\/ruchetoulousaine.fr\/laruche\/wp-json\/wp\/v2\/pages\/464\/revisions\/647"}],"wp:attachment":[{"href":"https:\/\/ruchetoulousaine.fr\/laruche\/wp-json\/wp\/v2\/media?parent=464"}],"curies":[{"name":"wp","href":"https:\/\/api.w.org\/{rel}","templated":true}]}}