{"id":55,"date":"2015-03-16T09:38:38","date_gmt":"2015-03-16T09:38:38","guid":{"rendered":"http:\/\/ruchetoulousaine.fr\/laruche\/?page_id=55"},"modified":"2023-12-04T14:19:11","modified_gmt":"2023-12-04T14:19:11","slug":"aide-aux-personnes-agees","status":"publish","type":"page","link":"https:\/\/ruchetoulousaine.fr\/laruche\/aide-aux-personnes-agees\/","title":{"rendered":"Aide aux personnes \u00e2g\u00e9es"},"content":{"rendered":"\n<figure class=\"wp-block-image\"><a href=\"http:\/\/ruchetoulousaine.fr\/laruche\/wp-content\/uploads\/2015\/03\/laruche_mamie1.png\"><img loading=\"lazy\" decoding=\"async\" width=\"300\" height=\"224\" src=\"http:\/\/ruchetoulousaine.fr\/laruche\/wp-content\/uploads\/2015\/03\/laruche_mamie1-300x224.png\" alt=\"laruche_mamie\" class=\"wp-image-56\" srcset=\"https:\/\/ruchetoulousaine.fr\/laruche\/wp-content\/uploads\/2015\/03\/laruche_mamie1-300x224.png 300w, https:\/\/ruchetoulousaine.fr\/laruche\/wp-content\/uploads\/2015\/03\/laruche_mamie1.png 494w\" sizes=\"auto, (max-width: 300px) 100vw, 300px\" \/><\/a><\/figure>\n\n\n\n<p><b>Aide aux personnes \u00e2g\u00e9es<\/b><\/p>\n\n\n\n<p>Nos parents et grands-parents veulent rester chez eux aussi longtemps que possible. Malheureusement leur \u00e9tat de sant\u00e9 ne le permet pas toujours. Les enfants, la famille sont souvent \u00e9loign\u00e9s ou occup\u00e9s et ne peuvent pas leur apporter toute l&rsquo;aide dont ils auraient besoin. C\u2019est \u00e0 ce moment-l\u00e0 que nous intervenons !<\/p>\n\n\n\n<p>Nos <strong>assistantes de vie<\/strong> sauront s\u2019occuper de vos proches afin qu\u2019ils puissent rester dans les meilleures conditions \u00e0 leur<strong> domicile<\/strong>.<\/p>\n\n\n\n<p><strong>Nos missions&nbsp;:<\/strong><\/p>\n\n\n\n<p>&#8211;&nbsp;&nbsp;&nbsp;&nbsp;&nbsp;&nbsp;&nbsp;&nbsp;&nbsp;&nbsp; <strong>Entretien du domicile<\/strong>&nbsp;: m\u00e9nage, repassage, rangement\u2026<\/p>\n\n\n\n<p>&#8211;&nbsp;&nbsp;&nbsp;&nbsp;&nbsp;&nbsp;&nbsp;&nbsp;&nbsp;&nbsp; S\u2019occuper des <strong>courses<\/strong> (\u00e9tablir la liste, aller chercher les courses avec ou sans la personne aid\u00e9e)<\/p>\n\n\n\n<p>&#8211;&nbsp;&nbsp;&nbsp;&nbsp;&nbsp;&nbsp;&nbsp;&nbsp;&nbsp;&nbsp; Pr\u00e9parer les <strong>repas<\/strong><\/p>\n\n\n\n<p>&#8211;&nbsp;&nbsp;&nbsp;&nbsp;&nbsp;&nbsp;&nbsp;&nbsp;&nbsp;&nbsp; S\u2019occuper de l\u2019<strong>hygi\u00e8ne corporelle<\/strong>, aide \u00e0 la <strong>toilette<\/strong>, \u00e0 l\u2019<strong>habillage\/d\u00e9shabillage<\/strong>\u2026<\/p>\n\n\n\n<p>&#8211;&nbsp;&nbsp;&nbsp;&nbsp;&nbsp;&nbsp;&nbsp;&nbsp;&nbsp;&nbsp; Aide au <strong>lever\/coucher<\/strong>, aux d\u00e9placements\u2026<\/p>\n\n\n\n<p>&#8211;&nbsp;&nbsp;&nbsp;&nbsp;&nbsp;&nbsp;&nbsp;&nbsp;&nbsp;&nbsp; <strong>Aide<\/strong> administrative<\/p>\n\n\n\n<p>&#8211;&nbsp;&nbsp;&nbsp;&nbsp;&nbsp;&nbsp;&nbsp;&nbsp;&nbsp;&nbsp; <strong>Accompagnement<\/strong> aux rendez-vous m\u00e9dicaux ou autres\u2026<\/p>\n\n\n\n<p>Nous pouvons \u00e9galement intervenir en <strong>Ehpad<\/strong> ou <strong>r\u00e9sidence pour personnes \u00e2g\u00e9es<\/strong> :<\/p>\n\n\n\n<p>En compl\u00e9ment des services propos\u00e9s par l\u2019\u00e9tablissement, notre intervenante sera \u00e0 m\u00eame de collaborer avec le personnel pour apporter <strong>bien-\u00eatre et assistance<\/strong>\u2026<\/p>\n\n\n\n<p><strong>Notre d\u00e9ontologie&nbsp;:<\/strong><\/p>\n\n\n\n<p>L\u2019humain est au centre de nos pr\u00e9occupations, que ce soit nos clients ou nos collaborateurs nous sommes vigilants sur le bien-\u00eatre de chacun.<\/p>\n\n\n\n<p>C&rsquo;est pourquoi vous aurez toujours <strong>le ou la m\u00eame intervenant(e)<\/strong> aux jours et horaires convenus.<\/p>\n\n\n\n<p>Un <strong>accueil personnalis\u00e9<\/strong> vous sera toujours fait.<\/p>\n\n\n\n<p>Nous nous assurons de la parfaite coh\u00e9rence entre les moyens humains mis en place, et les besoins et attentes de nos b\u00e9n\u00e9ficiaires.<\/p>\n\n\n\n<p>Nous sommes soucieux du <strong>respect de la personne<\/strong> et nous entourons de <strong>personnel de confiance<\/strong> qui saura rester discret.<\/p>\n\n\n\n<p>Nos <strong>auxiliaires de vie<\/strong> sont <strong>dipl\u00f4m\u00e9es<\/strong> et\/ou ont une <strong>grande exp\u00e9rience<\/strong> aupr\u00e8s de personnes fragilis\u00e9es.<\/p>\n\n\n\n<p><strong>Un recrutement rigoureux&nbsp;:<\/strong><\/p>\n\n\n\n<p>&#8211;&nbsp;&nbsp;&nbsp;&nbsp;&nbsp;&nbsp; v\u00e9rification des r\u00e9f\u00e9rences aupr\u00e8s d\u2019anciens employeurs<\/p>\n\n\n\n<p>&#8211;&nbsp;&nbsp;&nbsp;&nbsp;&nbsp;&nbsp; test de comp\u00e9tence et de savoir-\u00eatre<\/p>\n\n\n\n<p>&#8211;&nbsp;&nbsp;&nbsp;&nbsp;&nbsp;&nbsp; un accompagnement terrain lors de l\u2019int\u00e9gration<\/p>\n\n\n\n<p>Notre<strong> personnel<\/strong> est<strong> form\u00e9<\/strong> tout au long de l\u2019ann\u00e9e lors de formations dispens\u00e9es par des professionnels dans notre agence (th\u00e9orie) et \u00e9galement lors d\u2019accompagnements terrain r\u00e9guliers (pratique)<\/p>\n\n\n\n<figure class=\"wp-block-image size-full\"><a href=\"https:\/\/ruchetoulousaine.fr\/laruche\/wp-content\/uploads\/2023\/12\/logo-2024.png\"><img loading=\"lazy\" decoding=\"async\" width=\"400\" height=\"586\" src=\"https:\/\/ruchetoulousaine.fr\/laruche\/wp-content\/uploads\/2023\/12\/logo-2024.png\" alt=\"\" class=\"wp-image-1026\" srcset=\"https:\/\/ruchetoulousaine.fr\/laruche\/wp-content\/uploads\/2023\/12\/logo-2024.png 400w, https:\/\/ruchetoulousaine.fr\/laruche\/wp-content\/uploads\/2023\/12\/logo-2024-205x300.png 205w\" sizes=\"auto, (max-width: 400px) 100vw, 400px\" \/><\/a><\/figure>\n\n\n\n<p><span style=\"font-weight: 600;\"><em>La Ruche Toulousaine &#8211; 32, Rue des Cosmonautes&nbsp;31400 Toulouse -05 62 18 55 29 <\/em><\/span><\/p>\n\n\n\n<p><span style=\"font-weight: 600;\"><em> <a href=\"mailto:contact@ruchetoulousaine.fr\">contact@ruchetoulousaine.fr<\/a><\/em><\/span><\/p>\n","protected":false},"excerpt":{"rendered":"<p>Aide aux personnes \u00e2g\u00e9es Nos parents et grands-parents veulent rester chez eux aussi longtemps que possible. Malheureusement leur \u00e9tat de sant\u00e9 ne le permet pas toujours. Les enfants, la famille sont souvent \u00e9loign\u00e9s ou occup\u00e9s et ne peuvent pas leur apporter toute l&rsquo;aide dont ils auraient besoin. C\u2019est \u00e0 ce &#8230;<\/p>\n","protected":false},"author":1,"featured_media":0,"parent":0,"menu_order":0,"comment_status":"closed","ping_status":"open","template":"","meta":{"footnotes":""},"class_list":["post-55","page","type-page","status-publish","hentry","column","threecol"],"yoast_head":"<!-- This site is optimized with the Yoast SEO plugin v26.0 - https:\/\/yoast.com\/wordpress\/plugins\/seo\/ -->\n<title>Aide aux personnes \u00e2g\u00e9es -<\/title>\n<meta name=\"description\" content=\"Nos assistantes de vie sauront s\u2019occuper de vos proches afin qu\u2019ils puissent rester dans les meilleures conditions \u00e0 leur domicile.\" \/>\n<meta name=\"robots\" content=\"index, follow, max-snippet:-1, max-image-preview:large, max-video-preview:-1\" \/>\n<link rel=\"canonical\" href=\"https:\/\/ruchetoulousaine.fr\/laruche\/aide-aux-personnes-agees\/\" \/>\n<meta property=\"og:locale\" content=\"fr_FR\" \/>\n<meta property=\"og:type\" content=\"article\" \/>\n<meta property=\"og:title\" content=\"Aide aux personnes \u00e2g\u00e9es -\" \/>\n<meta property=\"og:description\" content=\"Nos assistantes de vie sauront s\u2019occuper de vos proches afin qu\u2019ils puissent rester dans les meilleures conditions \u00e0 leur domicile.\" \/>\n<meta property=\"og:url\" content=\"https:\/\/ruchetoulousaine.fr\/laruche\/aide-aux-personnes-agees\/\" \/>\n<meta property=\"article:publisher\" content=\"https:\/\/www.facebook.com\/laruchetoulousaine\" \/>\n<meta property=\"article:modified_time\" content=\"2023-12-04T14:19:11+00:00\" \/>\n<meta property=\"og:image\" content=\"http:\/\/ruchetoulousaine.fr\/laruche\/wp-content\/uploads\/2015\/03\/laruche_mamie1-300x224.png\" \/>\n<meta name=\"twitter:card\" content=\"summary_large_image\" \/>\n<meta name=\"twitter:label1\" content=\"Dur\u00e9e de lecture estim\u00e9e\" \/>\n\t<meta name=\"twitter:data1\" content=\"3 minutes\" \/>\n<!-- \/ Yoast SEO plugin. -->","yoast_head_json":{"title":"Aide aux personnes \u00e2g\u00e9es -","description":"Nos assistantes de vie sauront s\u2019occuper de vos proches afin qu\u2019ils puissent rester dans les meilleures conditions \u00e0 leur domicile.","robots":{"index":"index","follow":"follow","max-snippet":"max-snippet:-1","max-image-preview":"max-image-preview:large","max-video-preview":"max-video-preview:-1"},"canonical":"https:\/\/ruchetoulousaine.fr\/laruche\/aide-aux-personnes-agees\/","og_locale":"fr_FR","og_type":"article","og_title":"Aide aux personnes \u00e2g\u00e9es -","og_description":"Nos assistantes de vie sauront s\u2019occuper de vos proches afin qu\u2019ils puissent rester dans les meilleures conditions \u00e0 leur domicile.","og_url":"https:\/\/ruchetoulousaine.fr\/laruche\/aide-aux-personnes-agees\/","article_publisher":"https:\/\/www.facebook.com\/laruchetoulousaine","article_modified_time":"2023-12-04T14:19:11+00:00","og_image":[{"url":"http:\/\/ruchetoulousaine.fr\/laruche\/wp-content\/uploads\/2015\/03\/laruche_mamie1-300x224.png","type":"","width":"","height":""}],"twitter_card":"summary_large_image","twitter_misc":{"Dur\u00e9e de lecture estim\u00e9e":"3 minutes"},"schema":{"@context":"https:\/\/schema.org","@graph":[{"@type":"WebPage","@id":"https:\/\/ruchetoulousaine.fr\/laruche\/aide-aux-personnes-agees\/","url":"https:\/\/ruchetoulousaine.fr\/laruche\/aide-aux-personnes-agees\/","name":"Aide aux personnes \u00e2g\u00e9es -","isPartOf":{"@id":"https:\/\/ruchetoulousaine.fr\/laruche\/#website"},"primaryImageOfPage":{"@id":"https:\/\/ruchetoulousaine.fr\/laruche\/aide-aux-personnes-agees\/#primaryimage"},"image":{"@id":"https:\/\/ruchetoulousaine.fr\/laruche\/aide-aux-personnes-agees\/#primaryimage"},"thumbnailUrl":"http:\/\/ruchetoulousaine.fr\/laruche\/wp-content\/uploads\/2015\/03\/laruche_mamie1-300x224.png","datePublished":"2015-03-16T09:38:38+00:00","dateModified":"2023-12-04T14:19:11+00:00","description":"Nos assistantes de vie sauront s\u2019occuper de vos proches afin qu\u2019ils puissent rester dans les meilleures conditions \u00e0 leur domicile.","breadcrumb":{"@id":"https:\/\/ruchetoulousaine.fr\/laruche\/aide-aux-personnes-agees\/#breadcrumb"},"inLanguage":"fr-FR","potentialAction":[{"@type":"ReadAction","target":["https:\/\/ruchetoulousaine.fr\/laruche\/aide-aux-personnes-agees\/"]}]},{"@type":"ImageObject","inLanguage":"fr-FR","@id":"https:\/\/ruchetoulousaine.fr\/laruche\/aide-aux-personnes-agees\/#primaryimage","url":"http:\/\/ruchetoulousaine.fr\/laruche\/wp-content\/uploads\/2015\/03\/laruche_mamie1-300x224.png","contentUrl":"http:\/\/ruchetoulousaine.fr\/laruche\/wp-content\/uploads\/2015\/03\/laruche_mamie1-300x224.png"},{"@type":"BreadcrumbList","@id":"https:\/\/ruchetoulousaine.fr\/laruche\/aide-aux-personnes-agees\/#breadcrumb","itemListElement":[{"@type":"ListItem","position":1,"name":"Accueil","item":"https:\/\/ruchetoulousaine.fr\/laruche\/"},{"@type":"ListItem","position":2,"name":"Aide aux personnes \u00e2g\u00e9es"}]},{"@type":"WebSite","@id":"https:\/\/ruchetoulousaine.fr\/laruche\/#website","url":"https:\/\/ruchetoulousaine.fr\/laruche\/","name":"https:\/\/ruchetoulousaine.fr\/","description":"","publisher":{"@id":"https:\/\/ruchetoulousaine.fr\/laruche\/#organization"},"potentialAction":[{"@type":"SearchAction","target":{"@type":"EntryPoint","urlTemplate":"https:\/\/ruchetoulousaine.fr\/laruche\/?s={search_term_string}"},"query-input":{"@type":"PropertyValueSpecification","valueRequired":true,"valueName":"search_term_string"}}],"inLanguage":"fr-FR"},{"@type":"Organization","@id":"https:\/\/ruchetoulousaine.fr\/laruche\/#organization","name":"La Ruche Toulousaine","url":"https:\/\/ruchetoulousaine.fr\/laruche\/","logo":{"@type":"ImageObject","inLanguage":"fr-FR","@id":"https:\/\/ruchetoulousaine.fr\/laruche\/#\/schema\/logo\/image\/","url":"https:\/\/ruchetoulousaine.fr\/laruche\/wp-content\/uploads\/2015\/02\/laruche_logo.jpg","contentUrl":"https:\/\/ruchetoulousaine.fr\/laruche\/wp-content\/uploads\/2015\/02\/laruche_logo.jpg","width":425,"height":157,"caption":"La Ruche Toulousaine"},"image":{"@id":"https:\/\/ruchetoulousaine.fr\/laruche\/#\/schema\/logo\/image\/"},"sameAs":["https:\/\/www.facebook.com\/laruchetoulousaine"]}]}},"_links":{"self":[{"href":"https:\/\/ruchetoulousaine.fr\/laruche\/wp-json\/wp\/v2\/pages\/55","targetHints":{"allow":["GET"]}}],"collection":[{"href":"https:\/\/ruchetoulousaine.fr\/laruche\/wp-json\/wp\/v2\/pages"}],"about":[{"href":"https:\/\/ruchetoulousaine.fr\/laruche\/wp-json\/wp\/v2\/types\/page"}],"author":[{"embeddable":true,"href":"https:\/\/ruchetoulousaine.fr\/laruche\/wp-json\/wp\/v2\/users\/1"}],"replies":[{"embeddable":true,"href":"https:\/\/ruchetoulousaine.fr\/laruche\/wp-json\/wp\/v2\/comments?post=55"}],"version-history":[{"count":19,"href":"https:\/\/ruchetoulousaine.fr\/laruche\/wp-json\/wp\/v2\/pages\/55\/revisions"}],"predecessor-version":[{"id":1032,"href":"https:\/\/ruchetoulousaine.fr\/laruche\/wp-json\/wp\/v2\/pages\/55\/revisions\/1032"}],"wp:attachment":[{"href":"https:\/\/ruchetoulousaine.fr\/laruche\/wp-json\/wp\/v2\/media?parent=55"}],"curies":[{"name":"wp","href":"https:\/\/api.w.org\/{rel}","templated":true}]}}