{"id":59,"date":"2015-03-16T09:40:43","date_gmt":"2015-03-16T09:40:43","guid":{"rendered":"http:\/\/ruchetoulousaine.fr\/laruche\/?page_id=59"},"modified":"2024-09-17T10:03:03","modified_gmt":"2024-09-17T10:03:03","slug":"contacts","status":"publish","type":"page","link":"https:\/\/ruchetoulousaine.fr\/laruche\/contacts\/","title":{"rendered":"Contact"},"content":{"rendered":"\n<figure class=\"wp-block-image\"><a href=\"http:\/\/ruchetoulousaine.fr\/laruche\/wp-content\/uploads\/2015\/05\/logo-20151.jpg\" rel=\"attachment wp-att-135\"><img loading=\"lazy\" decoding=\"async\" width=\"300\" height=\"139\" src=\"http:\/\/ruchetoulousaine.fr\/laruche\/wp-content\/uploads\/2015\/05\/logo-20151-300x139.jpg\" alt=\"SERVICES A LA PERSONNE\" class=\"wp-image-135\" srcset=\"https:\/\/ruchetoulousaine.fr\/laruche\/wp-content\/uploads\/2015\/05\/logo-20151-300x139.jpg 300w, https:\/\/ruchetoulousaine.fr\/laruche\/wp-content\/uploads\/2015\/05\/logo-20151.jpg 425w\" sizes=\"auto, (max-width: 300px) 100vw, 300px\" \/><\/a><\/figure>\n\n\n<div id='formContainer491632772' class='sfForm rednaoFormContainer SfFormElementContainer bootstrap-wrapper'><\/div><script>\n            var ajaxurl = 'https:\/\/ruchetoulousaine.fr\/laruche\/wp-admin\/admin-ajax.php';\n            var smartFormsCurrentTime=new Date('Fri May 01 2026 12:59:10 +0000');\n            \tvar smartFormsSaveNonce=\"b642a86714\";\n            \tvar smartFormsUserName=\"\";\n            \tvar smartFormsFirstName=\"\";\n            \tvar smartFormsLastName=\"\";\n            \tvar smartFormsEmail=\"\";\n                var smartFormsPath=\"https:\/\/ruchetoulousaine.fr\/laruche\/wp-content\/plugins\/smart-forms\/\";\n                var smartDonationsRootPath=\"\";\n                var smartDonationsSandbox=\"\";\n                var smartFormsAdditionalFields1=[{\"id\":\"rednaotermofservice\"}];\n                var smartFormsDesignMode=false;\n                if(!window.smartFormsItemsToLoad)\n                    window.smartFormsItemsToLoad=new Array();                                                   \n        <\/script>\n\n\n\n<p>En remplissant ce questionnaire vous acceptez et comprenez qu\u2019un traitement administratif sera n\u00e9cessaire afin de r\u00e9pondre \u00e0 votre demande conform\u00e9ment au r\u00e8glement g\u00e9n\u00e9ral sur la protection des donn\u00e9es (RGPD)&nbsp;\u00bb vous b\u00e9n\u00e9ficiez d\u2019un droit d\u2019acc\u00e8s, de rectification et de suppression des informations qui vous concernent. A cet effet, vous pourrez nous contacter \u00e0 l\u2019adresse mail suivante&nbsp;: <a href=\"mailto:contact@ruchetoulousaine.Fr\">contact@ruchetoulousaine.fr<\/a>. Votre courriel sera conserv\u00e9 le temps du traitement de votre demande.<\/p>\n\n\n\n<p><strong>Dispositif de m\u00e9diation des litiges de consommation<\/strong><\/p>\n\n\n\n<p><span style=\"font-family: 'Times New Roman',serif;\">Conform\u00e9ment aux articles du code de la consommation L611-1 et suivants et R612-1 et suivants, il est pr\u00e9vu que pour tout litige de nature contractuelle portant sur l&rsquo;ex\u00e9cution du contrat de vente et\/ou la prestation de services n&rsquo;ayant pu \u00eatre r\u00e9solu dans le cadre d&rsquo;une r\u00e9clamation pr\u00e9alablement introduite aupr\u00e8s de notre service client, le Consommateur pourra recourir gratuitement \u00e0 la m\u00e9diation. Il contactera l&rsquo;Association Nationale des M\u00e9diateurs (ANM) soit par courrier en \u00e9crivant au 62 rue Tiquetonne 75002 PARIS soit par e-mail en remplissant le formulaire de saisine en ligne \u00e0 l&rsquo;adresse suivante&nbsp;<a href=\"https:\/\/www.anm-conso.com\/\">www.anm-conso.com<\/a>.<\/span><\/p>\n\n\n\n<p><\/p>\n","protected":false},"excerpt":{"rendered":"<p>En remplissant ce questionnaire vous acceptez et comprenez qu\u2019un traitement administratif sera n\u00e9cessaire afin de r\u00e9pondre \u00e0 votre demande conform\u00e9ment au r\u00e8glement g\u00e9n\u00e9ral sur la protection des donn\u00e9es (RGPD)&nbsp;\u00bb vous b\u00e9n\u00e9ficiez d\u2019un droit d\u2019acc\u00e8s, de rectification et de suppression des informations qui vous concernent. A cet effet, vous pourrez nous &#8230;<\/p>\n","protected":false},"author":1,"featured_media":0,"parent":0,"menu_order":0,"comment_status":"closed","ping_status":"open","template":"","meta":{"footnotes":""},"class_list":["post-59","page","type-page","status-publish","hentry","column","threecol"],"yoast_head":"<!-- This site is optimized with the Yoast SEO plugin v26.0 - https:\/\/yoast.com\/wordpress\/plugins\/seo\/ -->\n<title>Contact -<\/title>\n<meta name=\"robots\" content=\"index, follow, max-snippet:-1, max-image-preview:large, max-video-preview:-1\" \/>\n<link rel=\"canonical\" href=\"https:\/\/ruchetoulousaine.fr\/laruche\/contacts\/\" \/>\n<meta property=\"og:locale\" content=\"fr_FR\" \/>\n<meta property=\"og:type\" content=\"article\" \/>\n<meta property=\"og:title\" content=\"Contact -\" \/>\n<meta property=\"og:description\" content=\"En remplissant ce questionnaire vous acceptez et comprenez qu\u2019un traitement administratif sera n\u00e9cessaire afin de r\u00e9pondre \u00e0 votre demande conform\u00e9ment au r\u00e8glement &#8230;\" \/>\n<meta property=\"og:url\" content=\"https:\/\/ruchetoulousaine.fr\/laruche\/contacts\/\" \/>\n<meta property=\"article:publisher\" content=\"https:\/\/www.facebook.com\/laruchetoulousaine\" \/>\n<meta property=\"article:modified_time\" content=\"2024-09-17T10:03:03+00:00\" \/>\n<meta property=\"og:image\" content=\"http:\/\/ruchetoulousaine.fr\/laruche\/wp-content\/uploads\/2015\/05\/logo-20151-300x139.jpg\" \/>\n<meta name=\"twitter:card\" content=\"summary_large_image\" \/>\n<meta name=\"twitter:label1\" content=\"Dur\u00e9e de lecture estim\u00e9e\" \/>\n\t<meta name=\"twitter:data1\" content=\"2 minutes\" \/>\n<!-- \/ Yoast SEO plugin. -->","yoast_head_json":{"title":"Contact -","robots":{"index":"index","follow":"follow","max-snippet":"max-snippet:-1","max-image-preview":"max-image-preview:large","max-video-preview":"max-video-preview:-1"},"canonical":"https:\/\/ruchetoulousaine.fr\/laruche\/contacts\/","og_locale":"fr_FR","og_type":"article","og_title":"Contact -","og_description":"En remplissant ce questionnaire vous acceptez et comprenez qu\u2019un traitement administratif sera n\u00e9cessaire afin de r\u00e9pondre \u00e0 votre demande conform\u00e9ment au r\u00e8glement &#8230;","og_url":"https:\/\/ruchetoulousaine.fr\/laruche\/contacts\/","article_publisher":"https:\/\/www.facebook.com\/laruchetoulousaine","article_modified_time":"2024-09-17T10:03:03+00:00","og_image":[{"url":"http:\/\/ruchetoulousaine.fr\/laruche\/wp-content\/uploads\/2015\/05\/logo-20151-300x139.jpg","type":"","width":"","height":""}],"twitter_card":"summary_large_image","twitter_misc":{"Dur\u00e9e de lecture estim\u00e9e":"2 minutes"},"schema":{"@context":"https:\/\/schema.org","@graph":[{"@type":"WebPage","@id":"https:\/\/ruchetoulousaine.fr\/laruche\/contacts\/","url":"https:\/\/ruchetoulousaine.fr\/laruche\/contacts\/","name":"Contact -","isPartOf":{"@id":"https:\/\/ruchetoulousaine.fr\/laruche\/#website"},"primaryImageOfPage":{"@id":"https:\/\/ruchetoulousaine.fr\/laruche\/contacts\/#primaryimage"},"image":{"@id":"https:\/\/ruchetoulousaine.fr\/laruche\/contacts\/#primaryimage"},"thumbnailUrl":"http:\/\/ruchetoulousaine.fr\/laruche\/wp-content\/uploads\/2015\/05\/logo-20151-300x139.jpg","datePublished":"2015-03-16T09:40:43+00:00","dateModified":"2024-09-17T10:03:03+00:00","breadcrumb":{"@id":"https:\/\/ruchetoulousaine.fr\/laruche\/contacts\/#breadcrumb"},"inLanguage":"fr-FR","potentialAction":[{"@type":"ReadAction","target":["https:\/\/ruchetoulousaine.fr\/laruche\/contacts\/"]}]},{"@type":"ImageObject","inLanguage":"fr-FR","@id":"https:\/\/ruchetoulousaine.fr\/laruche\/contacts\/#primaryimage","url":"http:\/\/ruchetoulousaine.fr\/laruche\/wp-content\/uploads\/2015\/05\/logo-20151-300x139.jpg","contentUrl":"http:\/\/ruchetoulousaine.fr\/laruche\/wp-content\/uploads\/2015\/05\/logo-20151-300x139.jpg"},{"@type":"BreadcrumbList","@id":"https:\/\/ruchetoulousaine.fr\/laruche\/contacts\/#breadcrumb","itemListElement":[{"@type":"ListItem","position":1,"name":"Accueil","item":"https:\/\/ruchetoulousaine.fr\/laruche\/"},{"@type":"ListItem","position":2,"name":"Contact"}]},{"@type":"WebSite","@id":"https:\/\/ruchetoulousaine.fr\/laruche\/#website","url":"https:\/\/ruchetoulousaine.fr\/laruche\/","name":"https:\/\/ruchetoulousaine.fr\/","description":"","publisher":{"@id":"https:\/\/ruchetoulousaine.fr\/laruche\/#organization"},"potentialAction":[{"@type":"SearchAction","target":{"@type":"EntryPoint","urlTemplate":"https:\/\/ruchetoulousaine.fr\/laruche\/?s={search_term_string}"},"query-input":{"@type":"PropertyValueSpecification","valueRequired":true,"valueName":"search_term_string"}}],"inLanguage":"fr-FR"},{"@type":"Organization","@id":"https:\/\/ruchetoulousaine.fr\/laruche\/#organization","name":"La Ruche Toulousaine","url":"https:\/\/ruchetoulousaine.fr\/laruche\/","logo":{"@type":"ImageObject","inLanguage":"fr-FR","@id":"https:\/\/ruchetoulousaine.fr\/laruche\/#\/schema\/logo\/image\/","url":"https:\/\/ruchetoulousaine.fr\/laruche\/wp-content\/uploads\/2015\/02\/laruche_logo.jpg","contentUrl":"https:\/\/ruchetoulousaine.fr\/laruche\/wp-content\/uploads\/2015\/02\/laruche_logo.jpg","width":425,"height":157,"caption":"La Ruche Toulousaine"},"image":{"@id":"https:\/\/ruchetoulousaine.fr\/laruche\/#\/schema\/logo\/image\/"},"sameAs":["https:\/\/www.facebook.com\/laruchetoulousaine"]}]}},"_links":{"self":[{"href":"https:\/\/ruchetoulousaine.fr\/laruche\/wp-json\/wp\/v2\/pages\/59","targetHints":{"allow":["GET"]}}],"collection":[{"href":"https:\/\/ruchetoulousaine.fr\/laruche\/wp-json\/wp\/v2\/pages"}],"about":[{"href":"https:\/\/ruchetoulousaine.fr\/laruche\/wp-json\/wp\/v2\/types\/page"}],"author":[{"embeddable":true,"href":"https:\/\/ruchetoulousaine.fr\/laruche\/wp-json\/wp\/v2\/users\/1"}],"replies":[{"embeddable":true,"href":"https:\/\/ruchetoulousaine.fr\/laruche\/wp-json\/wp\/v2\/comments?post=59"}],"version-history":[{"count":37,"href":"https:\/\/ruchetoulousaine.fr\/laruche\/wp-json\/wp\/v2\/pages\/59\/revisions"}],"predecessor-version":[{"id":1172,"href":"https:\/\/ruchetoulousaine.fr\/laruche\/wp-json\/wp\/v2\/pages\/59\/revisions\/1172"}],"wp:attachment":[{"href":"https:\/\/ruchetoulousaine.fr\/laruche\/wp-json\/wp\/v2\/media?parent=59"}],"curies":[{"name":"wp","href":"https:\/\/api.w.org\/{rel}","templated":true}]}}